{"id":2,"date":"2024-06-21T21:18:25","date_gmt":"2024-06-21T21:18:25","guid":{"rendered":"https:\/\/comunicacion.davivienda.com.sv\/registro-apce\/?page_id=2"},"modified":"2025-05-19T19:20:23","modified_gmt":"2025-05-19T19:20:23","slug":"apce","status":"publish","type":"page","link":"https:\/\/comunicacion.davivienda.com.sv\/registro-apce\/","title":{"rendered":"APCE"},"content":{"rendered":"<p><div class=\"fusion-fullwidth fullwidth-box fusion-builder-row-1 fusion-flex-container has-pattern-background has-mask-background fusion-parallax-none nonhundred-percent-fullwidth non-hundred-percent-height-scrolling\" style=\"--awb-border-radius-top-left:0px;--awb-border-radius-top-right:0px;--awb-border-radius-bottom-right:0px;--awb-border-radius-bottom-left:0px;--awb-background-image:url(&quot;https:\/\/comunicacion.davivienda.com.sv\/registro-apce\/wp-content\/uploads\/sites\/58\/2024\/06\/happy-knowledge-day-concept-education-kid-with-long-hair-uniform-copy-space-banner-schoolgirl-student-school-child-pupil-portrait-with-copy-space.jpg&quot;);--awb-background-size:cover;--awb-flex-wrap:wrap;\" ><div class=\"fusion-builder-row fusion-row fusion-flex-align-items-flex-start fusion-flex-align-content-center fusion-flex-justify-content-flex-end fusion-flex-content-wrap\" style=\"max-width:1248px;margin-left: calc(-4% \/ 2 );margin-right: calc(-4% \/ 2 );\"><div class=\"fusion-layout-column fusion_builder_column fusion-builder-column-0 fusion_builder_column_3_5 3_5 fusion-flex-column\" style=\"--awb-padding-top:30px;--awb-padding-right:30px;--awb-padding-bottom:30px;--awb-padding-left:30px;--awb-bg-color:rgba(255,255,255,0.75);--awb-bg-color-hover:rgba(255,255,255,0.75);--awb-bg-size:cover;--awb-border-color:#ededed;--awb-border-style:solid;--awb-width-large:60%;--awb-margin-top-large:150px;--awb-spacing-right-large:3.2%;--awb-margin-bottom-large:100px;--awb-spacing-left-large:3.2%;--awb-width-medium:60%;--awb-order-medium:0;--awb-spacing-right-medium:3.2%;--awb-spacing-left-medium:3.2%;--awb-width-small:100%;--awb-order-small:0;--awb-spacing-right-small:1.92%;--awb-spacing-left-small:1.92%;\" data-scroll-devices=\"small-visibility,medium-visibility,large-visibility\"><div class=\"fusion-column-wrapper fusion-column-has-shadow fusion-flex-justify-content-flex-start fusion-content-layout-column\"><div class=\"fusion-title title fusion-title-1 fusion-sep-none fusion-title-text fusion-title-size-one\"><h1 class=\"fusion-title-heading title-heading-left fusion-responsive-typography-calculated\" style=\"margin:0;--fontSize:48;line-height:1.16;\"><strong>Env\u00edenos su informaci\u00f3n<\/strong><\/h1><\/div>\n<div class=\"wpcf7 no-js\" id=\"wpcf7-f6-o1\" lang=\"es-MX\" dir=\"ltr\" data-wpcf7-id=\"6\">\n<div class=\"screen-reader-response\"><p role=\"status\" aria-live=\"polite\" aria-atomic=\"true\"><\/p> <ul><\/ul><\/div>\n<form action=\"\/registro-apce\/wp-json\/wp\/v2\/pages\/2#wpcf7-f6-o1\" method=\"post\" class=\"wpcf7-form init\" aria-label=\"Formulario de contacto\" novalidate=\"novalidate\" data-status=\"init\">\n<fieldset class=\"hidden-fields-container\"><input type=\"hidden\" name=\"_wpcf7\" value=\"6\" \/><input type=\"hidden\" name=\"_wpcf7_version\" value=\"6.1.2\" \/><input type=\"hidden\" name=\"_wpcf7_locale\" value=\"es_MX\" \/><input type=\"hidden\" name=\"_wpcf7_unit_tag\" value=\"wpcf7-f6-o1\" \/><input type=\"hidden\" name=\"_wpcf7_container_post\" value=\"0\" \/><input type=\"hidden\" name=\"_wpcf7_posted_data_hash\" value=\"\" \/><input type=\"hidden\" name=\"_uacf7_hidden_conditional_fields\" value=\"\" \/><input type=\"hidden\" name=\"_wpcf7_recaptcha_response\" value=\"\" \/>\n<\/fieldset>\n<div class=\"uacf7-form-wrapper-container uacf7-form-6  \"><strong>Informaci\u00f3n B\u00e1sica<\/strong>\n<div class=\"col-md-12\"><span class=\"wpcf7-form-control-wrap\" data-name=\"nombre-completo\"><input size=\"40\" maxlength=\"400\" class=\"wpcf7-form-control wpcf7-text wpcf7-validates-as-required contact-form1\" aria-required=\"true\" aria-invalid=\"false\" placeholder=\"Nombre seg\u00fan DUI*\" value=\"\" type=\"text\" name=\"nombre-completo\" \/><\/span><\/div>\n\n<div class=\"col-md-12\"><span class=\"wpcf7-form-control-wrap\" data-name=\"dui\"><input size=\"40\" maxlength=\"400\" class=\"wpcf7-form-control wpcf7-text wpcf7-validates-as-required contact-form1\" aria-required=\"true\" aria-invalid=\"false\" placeholder=\"No. de DUI (No adicionar guiones)*\" value=\"\" type=\"text\" name=\"dui\" \/><\/span><\/div>\n\n<div class=\"col-md-6\"><span class=\"wpcf7-form-control-wrap\" data-name=\"email-583\"><input size=\"40\" maxlength=\"400\" class=\"wpcf7-form-control wpcf7-email wpcf7-validates-as-required wpcf7-text wpcf7-validates-as-email contact-form1\" aria-required=\"true\" aria-invalid=\"false\" placeholder=\"Correo Electr\u00f3nico*\" value=\"\" type=\"email\" name=\"email-583\" \/><\/span><\/div>\n\n<div class=\"col-md-6\"><span class=\"wpcf7-form-control-wrap\" data-name=\"tel-cel\"><input size=\"40\" maxlength=\"400\" class=\"wpcf7-form-control wpcf7-tel wpcf7-validates-as-required wpcf7-text wpcf7-validates-as-tel contact-form1\" aria-required=\"true\" aria-invalid=\"false\" placeholder=\"Tel. Celular*\" value=\"\" type=\"tel\" name=\"tel-cel\" \/><\/span><\/div>\n\n<strong>Datos de la Tarjeta:<\/strong>\n<div class=\"col-md-6\"><span class=\"wpcf7-form-control-wrap\" data-name=\"marca-tarjeta\"><select class=\"wpcf7-form-control wpcf7-select wpcf7-validates-as-required contact-form1\" aria-required=\"true\" aria-invalid=\"false\" name=\"marca-tarjeta\"><option value=\"Marca de Tarjeta\">Marca de Tarjeta<\/option><option value=\"Visa\">Visa<\/option><option value=\"Mastercard\">Mastercard<\/option><\/select><\/span><\/div>\n\n<div class=\"col-md-6\"><span class=\"wpcf7-form-control-wrap\" data-name=\"ltimos4dgitostarjeta\"><input class=\"wpcf7-form-control wpcf7-number wpcf7-validates-as-required wpcf7-validates-as-number contact-form1\" max=\"9999\" aria-required=\"true\" aria-invalid=\"false\" placeholder=\"\u00daltimos 4 d\u00edgitos de tarjeta*\" value=\"\" type=\"number\" name=\"ltimos4dgitostarjeta\" \/><\/span><\/div>\n\n<strong>Datos del Alumno<\/strong>\n<div class=\"col-md-6\"><span class=\"wpcf7-form-control-wrap\" data-name=\"nombrealumno\"><input size=\"40\" maxlength=\"400\" class=\"wpcf7-form-control wpcf7-text wpcf7-validates-as-required\" aria-required=\"true\" aria-invalid=\"false\" placeholder=\"Nombre del Alumno*\" value=\"\" type=\"text\" name=\"nombrealumno\" \/><\/span><\/div>\n\n<div class=\"col-md-6\"><span class=\"wpcf7-form-control-wrap\" data-name=\"colegio\"><select class=\"wpcf7-form-control wpcf7-select wpcf7-validates-as-required\" aria-required=\"true\" aria-invalid=\"false\" name=\"colegio\"><option value=\"Seleccione Colegio*\">Seleccione Colegio*<\/option><option value=\"Kinder Horizontes\">Kinder Horizontes<\/option><option value=\"Kinder Campoverde\">Kinder Campoverde<\/option><option value=\"Colegio La Floresta\">Colegio La Floresta<\/option><option value=\"Colegio Lamatepec\">Colegio Lamatepec<\/option><\/select><\/span><\/div>\n\n<div class=\"col-md-6\"><span class=\"wpcf7-form-control-wrap\" data-name=\"monto-compra\"><input class=\"wpcf7-form-control wpcf7-number wpcf7-validates-as-number contact-form1\" aria-invalid=\"false\" placeholder=\"Monto\" value=\"\" type=\"number\" name=\"monto-compra\" \/><\/span><\/div>\n\n<div class=\"col-md-6\"><span class=\"wpcf7-form-control-wrap\" data-name=\"codigo\"><input size=\"40\" maxlength=\"400\" class=\"wpcf7-form-control wpcf7-text contact-form1\" aria-invalid=\"false\" placeholder=\"C\u00f3digo del alumno\" value=\"\" type=\"text\" name=\"codigo\" \/><\/span><\/div>\n\n<div class=\"col-md-12\">Otro Alumno:\n<span class=\"wpcf7-form-control-wrap\" data-name=\"otro1\"><select class=\"wpcf7-form-control wpcf7-select wpcf7-validates-as-required\" aria-required=\"true\" aria-invalid=\"false\" name=\"otro1\"><option value=\"\">Por favor, seleccione una opci\u00f3n<\/option><option value=\"Si\">Si<\/option><option value=\"No\">No<\/option><\/select><\/span><\/div>\n\n<div class=\"uacf7_conditional otro-alumno1\"><strong>Datos de la Tarjeta:<\/strong>\n<div class=\"col-md-6\"><span class=\"wpcf7-form-control-wrap\" data-name=\"marca-tarjeta2\"><select class=\"wpcf7-form-control wpcf7-select wpcf7-validates-as-required contact-form1\" aria-required=\"true\" aria-invalid=\"false\" name=\"marca-tarjeta2\"><option value=\"Marca de Tarjeta\">Marca de Tarjeta<\/option><option value=\"Visa\">Visa<\/option><option value=\"Mastercard\">Mastercard<\/option><\/select><\/span><\/div>\n\n<div class=\"col-md-6\"><span class=\"wpcf7-form-control-wrap\" data-name=\"ltimos4dgitostarjeta2\"><input class=\"wpcf7-form-control wpcf7-number wpcf7-validates-as-required wpcf7-validates-as-number contact-form1\" max=\"9999\" aria-required=\"true\" aria-invalid=\"false\" placeholder=\"\u00daltimos 4 d\u00edgitos de tarjeta*\" value=\"\" type=\"number\" name=\"ltimos4dgitostarjeta2\" \/><\/span><\/div>\n\n<strong>Datos del Alumno<\/strong>\n<div class=\"col-md-6\"><span class=\"wpcf7-form-control-wrap\" data-name=\"nombrealumno2\"><input size=\"40\" maxlength=\"400\" class=\"wpcf7-form-control wpcf7-text wpcf7-validates-as-required\" aria-required=\"true\" aria-invalid=\"false\" placeholder=\"Nombre del Alumno*\" value=\"\" type=\"text\" name=\"nombrealumno2\" \/><\/span><\/div>\n\n<div class=\"col-md-6\"><span class=\"wpcf7-form-control-wrap\" data-name=\"colegio2\"><select class=\"wpcf7-form-control wpcf7-select wpcf7-validates-as-required\" aria-required=\"true\" aria-invalid=\"false\" name=\"colegio2\"><option value=\"Seleccione Colegio*\">Seleccione Colegio*<\/option><option value=\"Kinder Horizontes\">Kinder Horizontes<\/option><option value=\"Kinder Campoverde\">Kinder Campoverde<\/option><option value=\"Colegio La Floresta\">Colegio La Floresta<\/option><option value=\"Colegio Lamatepec\">Colegio Lamatepec<\/option><\/select><\/span><\/div>\n\n<div class=\"col-md-6\"><span class=\"wpcf7-form-control-wrap\" data-name=\"monto-compra2\"><input class=\"wpcf7-form-control wpcf7-number wpcf7-validates-as-number contact-form1\" aria-invalid=\"false\" placeholder=\"Monto\" value=\"\" type=\"number\" name=\"monto-compra2\" \/><\/span><\/div>\n\n<div class=\"col-md-6\"><span class=\"wpcf7-form-control-wrap\" data-name=\"codigo2\"><input size=\"40\" maxlength=\"400\" class=\"wpcf7-form-control wpcf7-text contact-form1\" aria-invalid=\"false\" placeholder=\"C\u00f3digo del alumno\" value=\"\" type=\"text\" name=\"codigo2\" \/><\/span><\/div>\n\n<div class=\"col-md-12\">Otro Alumno:\n<span class=\"wpcf7-form-control-wrap\" data-name=\"otro2\"><select class=\"wpcf7-form-control wpcf7-select wpcf7-validates-as-required\" aria-required=\"true\" aria-invalid=\"false\" name=\"otro2\"><option value=\"\">Por favor, seleccione una opci\u00f3n<\/option><option value=\"Si\">Si<\/option><option value=\"No\">No<\/option><\/select><\/span><\/div>\n\n<div class=\"uacf7_conditional otro-alumno2\"><strong>Datos de la Tarjeta:<\/strong>\n<div class=\"col-md-6\"><span class=\"wpcf7-form-control-wrap\" data-name=\"marca-tarjeta3\"><select class=\"wpcf7-form-control wpcf7-select wpcf7-validates-as-required contact-form1\" aria-required=\"true\" aria-invalid=\"false\" name=\"marca-tarjeta3\"><option value=\"Marca de Tarjeta\">Marca de Tarjeta<\/option><option value=\"Visa\">Visa<\/option><option value=\"Mastercard\">Mastercard<\/option><\/select><\/span><\/div>\n\n<div class=\"col-md-6\"><span class=\"wpcf7-form-control-wrap\" data-name=\"ltimos4dgitostarjeta3\"><input class=\"wpcf7-form-control wpcf7-number wpcf7-validates-as-required wpcf7-validates-as-number contact-form1\" max=\"9999\" aria-required=\"true\" aria-invalid=\"false\" placeholder=\"\u00daltimos 4 d\u00edgitos de tarjeta*\" value=\"\" type=\"number\" name=\"ltimos4dgitostarjeta3\" \/><\/span><\/div>\n\n<strong>Datos del Alumno<\/strong>\n<div class=\"col-md-6\"><span class=\"wpcf7-form-control-wrap\" data-name=\"nombrealumno3\"><input size=\"40\" maxlength=\"400\" class=\"wpcf7-form-control wpcf7-text wpcf7-validates-as-required\" aria-required=\"true\" aria-invalid=\"false\" placeholder=\"Nombre del Alumno*\" value=\"\" type=\"text\" name=\"nombrealumno3\" \/><\/span><\/div>\n\n<div class=\"col-md-6\"><span class=\"wpcf7-form-control-wrap\" data-name=\"colegio3\"><select class=\"wpcf7-form-control wpcf7-select wpcf7-validates-as-required\" aria-required=\"true\" aria-invalid=\"false\" name=\"colegio3\"><option value=\"Seleccione Colegio*\">Seleccione Colegio*<\/option><option value=\"Kinder Horizontes\">Kinder Horizontes<\/option><option value=\"Kinder Campoverde\">Kinder Campoverde<\/option><option value=\"Colegio La Floresta\">Colegio La Floresta<\/option><option value=\"Colegio Lamatepec\">Colegio Lamatepec<\/option><\/select><\/span><\/div>\n\n<div class=\"col-md-6\"><span class=\"wpcf7-form-control-wrap\" data-name=\"monto-compra3\"><input class=\"wpcf7-form-control wpcf7-number wpcf7-validates-as-number contact-form1\" aria-invalid=\"false\" placeholder=\"Monto\" value=\"\" type=\"number\" name=\"monto-compra3\" \/><\/span><\/div>\n\n<div class=\"col-md-6\"><span class=\"wpcf7-form-control-wrap\" data-name=\"codigo3\"><input size=\"40\" maxlength=\"400\" class=\"wpcf7-form-control wpcf7-text contact-form1\" aria-invalid=\"false\" placeholder=\"C\u00f3digo del alumno\" value=\"\" type=\"text\" name=\"codigo3\" \/><\/span><\/div>\n\n<div class=\"col-md-12\">Otro Alumno:\n<span class=\"wpcf7-form-control-wrap\" data-name=\"otro3\"><select class=\"wpcf7-form-control wpcf7-select wpcf7-validates-as-required\" aria-required=\"true\" aria-invalid=\"false\" name=\"otro3\"><option value=\"\">Por favor, seleccione una opci\u00f3n<\/option><option value=\"Si\">Si<\/option><option value=\"No\">No<\/option><\/select><\/span><\/div>\n\n<div class=\"uacf7_conditional otro-alumno3\"><strong>Datos de la Tarjeta:<\/strong>\n<div class=\"col-md-6\"><span class=\"wpcf7-form-control-wrap\" data-name=\"marca-tarjeta4\"><select class=\"wpcf7-form-control wpcf7-select wpcf7-validates-as-required contact-form1\" aria-required=\"true\" aria-invalid=\"false\" name=\"marca-tarjeta4\"><option value=\"Marca de Tarjeta\">Marca de Tarjeta<\/option><option value=\"Visa\">Visa<\/option><option value=\"Mastercard\">Mastercard<\/option><\/select><\/span><\/div>\n\n<div class=\"col-md-6\"><span class=\"wpcf7-form-control-wrap\" data-name=\"ltimos4dgitostarjeta4\"><input class=\"wpcf7-form-control wpcf7-number wpcf7-validates-as-required wpcf7-validates-as-number contact-form1\" max=\"9999\" aria-required=\"true\" aria-invalid=\"false\" placeholder=\"\u00daltimos 4 d\u00edgitos de tarjeta*\" value=\"\" type=\"number\" name=\"ltimos4dgitostarjeta4\" \/><\/span><\/div>\n\n<strong>Datos del Alumno<\/strong>\n<div class=\"col-md-6\"><span class=\"wpcf7-form-control-wrap\" data-name=\"nombrealumno4\"><input size=\"40\" maxlength=\"400\" class=\"wpcf7-form-control wpcf7-text wpcf7-validates-as-required\" aria-required=\"true\" aria-invalid=\"false\" placeholder=\"Nombre del Alumno*\" value=\"\" type=\"text\" name=\"nombrealumno4\" \/><\/span><\/div>\n\n<div class=\"col-md-6\"><span class=\"wpcf7-form-control-wrap\" data-name=\"colegio4\"><select class=\"wpcf7-form-control wpcf7-select wpcf7-validates-as-required\" aria-required=\"true\" aria-invalid=\"false\" name=\"colegio4\"><option value=\"Seleccione Colegio*\">Seleccione Colegio*<\/option><option value=\"Kinder Horizontes\">Kinder Horizontes<\/option><option value=\"Kinder Campoverde\">Kinder Campoverde<\/option><option value=\"Colegio La Floresta\">Colegio La Floresta<\/option><option value=\"Colegio Lamatepec\">Colegio Lamatepec<\/option><\/select><\/span><\/div>\n\n<div class=\"col-md-6\"><span class=\"wpcf7-form-control-wrap\" data-name=\"monto-compra4\"><input class=\"wpcf7-form-control wpcf7-number wpcf7-validates-as-number contact-form1\" aria-invalid=\"false\" placeholder=\"Monto\" value=\"\" type=\"number\" name=\"monto-compra4\" \/><\/span><\/div>\n\n<div class=\"col-md-6\"><span class=\"wpcf7-form-control-wrap\" data-name=\"codigo4\"><input size=\"40\" maxlength=\"400\" class=\"wpcf7-form-control wpcf7-text contact-form1\" aria-invalid=\"false\" placeholder=\"C\u00f3digo del alumno\" value=\"\" type=\"text\" name=\"codigo4\" \/><\/span><\/div><\/div><\/div><\/div>\n\n<center><input class=\"wpcf7-form-control wpcf7-submit has-spinner\" type=\"submit\" value=\"ENVIAR\" \/><\/center><\/div><div class=\"fusion-alert alert custom alert-custom fusion-alert-center wpcf7-response-output awb-alert-native-link-color alert-dismissable awb-alert-close-boxed\" style=\"--awb-border-size:1px;--awb-border-top-left-radius:0px;--awb-border-top-right-radius:0px;--awb-border-bottom-left-radius:0px;--awb-border-bottom-right-radius:0px;\" role=\"alert\"><div class=\"fusion-alert-content-wrapper\"><span class=\"fusion-alert-content\"><\/span><\/div><button type=\"button\" class=\"close toggle-alert\" data-dismiss=\"alert\" aria-label=\"Close\">&times;<\/button><\/div>\n<\/form>\n<\/div>\n<div class=\"fusion-text fusion-text-1\"><p><strong>Al enviar el formulario:<\/strong><br \/>\nAutorizo a Banco Davivienda Salvadore\u00f1o S.A., para cargar mensualmente la forma autom\u00e1tica a mi Tarjeta de Cr\u00e9dito los pagos de colegiatura(s) del plan(es) seleccionado(s). Acepto que, en caso de la Tarjeta de Cr\u00e9dito los pagos de colegiatura(s) del plan(es) seleccionado(s). Acepto que, en caso de la Tarjeta de Cr\u00e9dito presente una situaci\u00f3n de mora, sobregiro o no tuviera disponibilidad en su l\u00ednea de cr\u00e9dito, no se podr\u00e1n realizar los campos detallados; lo que puede ocasionar que el servicio sea cancelado permanentemente, quedando Banco Davivienda Salvadore\u00f1o S.A., exonerado de responsabilidad por mora en el pago de los servicios.<br \/>\nEs responsabilidad del cliente la verificaci\u00f3n de la exactitud de los datos inscritos, as\u00ed como de informar a Banco Davivienda Salvadore\u00f1o S.A., sobre la suspensi\u00f3n o terminaci\u00f3n de cualquiera de los servicios con las empresas prestadoras del mismo con al menos treinta d\u00edas de anticipaci\u00f3n.<br \/>\nLa presenta autorizaci\u00f3n se brinda de conformidad con el Art. 56 letra L) de la Ley de Bancos as\u00ed como el Art. 6 de la Ley de Firma Electr\u00f3nica, habiendo sustituido la firma aut\u00f3grafa por medio de los Medios de Identificaci\u00f3n Electr\u00f3nica, habiendo sustituido la firma aut\u00f3grafa por medio de los Medios de Identificaci\u00f3n Digital y produciendo todos los efectos que las leyes otorgan a los documentos correspondientes.<\/p>\n<\/div><\/div><\/div><\/div><\/div><div class=\"fusion-fullwidth fullwidth-box fusion-builder-row-2 fusion-flex-container has-pattern-background has-mask-background hundred-percent-fullwidth non-hundred-percent-height-scrolling\" style=\"--awb-border-radius-top-left:0px;--awb-border-radius-top-right:0px;--awb-border-radius-bottom-right:0px;--awb-border-radius-bottom-left:0px;--awb-padding-top:40px;--awb-padding-bottom:20px;--awb-background-color:#1a1a1a;--awb-flex-wrap:wrap;\" ><div class=\"fusion-builder-row fusion-row fusion-flex-align-items-flex-start fusion-flex-justify-content-center fusion-flex-content-wrap\" style=\"width:104% !important;max-width:104% !important;margin-left: calc(-4% \/ 2 );margin-right: calc(-4% \/ 2 );\"><div class=\"fusion-layout-column fusion_builder_column fusion-builder-column-1 fusion_builder_column_3_5 3_5 fusion-flex-column\" style=\"--awb-bg-size:cover;--awb-width-large:60%;--awb-margin-top-large:0px;--awb-spacing-right-large:3.2%;--awb-margin-bottom-large:20px;--awb-spacing-left-large:3.2%;--awb-width-medium:60%;--awb-order-medium:0;--awb-spacing-right-medium:3.2%;--awb-spacing-left-medium:3.2%;--awb-width-small:100%;--awb-order-small:0;--awb-spacing-right-small:1.92%;--awb-spacing-left-small:1.92%;\"><div class=\"fusion-column-wrapper fusion-column-has-shadow fusion-flex-justify-content-flex-start fusion-content-layout-column\"><div class=\"fusion-text fusion-text-2\" style=\"--awb-content-alignment:center;--awb-font-size:14px;--awb-text-color:#ffffff;\"><p>Recuerde que por su seguridad el Banco Davivienda Salvadore\u00f1o S.A. nunca solicita a trav\u00e9s de este medio informaci\u00f3n confidencial o financiera como usuarios y claves de acceso a nuestros canales, ni n\u00fameros de productos como cuentas, n\u00fameros de tarjetas de cr\u00e9dito o similares.<\/p>\n<\/div><div class=\"fusion-image-element \" style=\"text-align:center;--awb-caption-title-font-family:var(--h2_typography-font-family);--awb-caption-title-font-weight:var(--h2_typography-font-weight);--awb-caption-title-font-style:var(--h2_typography-font-style);--awb-caption-title-size:var(--h2_typography-font-size);--awb-caption-title-transform:var(--h2_typography-text-transform);--awb-caption-title-line-height:var(--h2_typography-line-height);--awb-caption-title-letter-spacing:var(--h2_typography-letter-spacing);\"><span class=\" fusion-imageframe imageframe-none imageframe-1 hover-type-none\"><img decoding=\"async\" width=\"288\" height=\"28\" title=\"logo-davivienda-1\" src=\"https:\/\/comunicacion.davivienda.com.sv\/registro-apce\/wp-content\/uploads\/sites\/58\/2024\/06\/logo-davivienda-1.png\" alt class=\"img-responsive wp-image-14\" srcset=\"https:\/\/comunicacion.davivienda.com.sv\/registro-apce\/wp-content\/uploads\/sites\/58\/2024\/06\/logo-davivienda-1-200x19.png 200w, https:\/\/comunicacion.davivienda.com.sv\/registro-apce\/wp-content\/uploads\/sites\/58\/2024\/06\/logo-davivienda-1.png 288w\" sizes=\"(max-width: 800px) 100vw, 288px\" \/><\/span><\/div><\/div><\/div><\/div><\/div><\/p>\n","protected":false},"excerpt":{"rendered":"","protected":false},"author":2,"featured_media":0,"parent":0,"menu_order":0,"comment_status":"closed","ping_status":"open","template":"100-width.php","meta":{"footnotes":""},"class_list":["post-2","page","type-page","status-publish","hentry"],"_links":{"self":[{"href":"https:\/\/comunicacion.davivienda.com.sv\/registro-apce\/wp-json\/wp\/v2\/pages\/2","targetHints":{"allow":["GET"]}}],"collection":[{"href":"https:\/\/comunicacion.davivienda.com.sv\/registro-apce\/wp-json\/wp\/v2\/pages"}],"about":[{"href":"https:\/\/comunicacion.davivienda.com.sv\/registro-apce\/wp-json\/wp\/v2\/types\/page"}],"author":[{"embeddable":true,"href":"https:\/\/comunicacion.davivienda.com.sv\/registro-apce\/wp-json\/wp\/v2\/users\/2"}],"replies":[{"embeddable":true,"href":"https:\/\/comunicacion.davivienda.com.sv\/registro-apce\/wp-json\/wp\/v2\/comments?post=2"}],"version-history":[{"count":7,"href":"https:\/\/comunicacion.davivienda.com.sv\/registro-apce\/wp-json\/wp\/v2\/pages\/2\/revisions"}],"predecessor-version":[{"id":45,"href":"https:\/\/comunicacion.davivienda.com.sv\/registro-apce\/wp-json\/wp\/v2\/pages\/2\/revisions\/45"}],"wp:attachment":[{"href":"https:\/\/comunicacion.davivienda.com.sv\/registro-apce\/wp-json\/wp\/v2\/media?parent=2"}],"curies":[{"name":"wp","href":"https:\/\/api.w.org\/{rel}","templated":true}]}}