{"id":2,"date":"2024-03-03T03:48:35","date_gmt":"2024-03-03T03:48:35","guid":{"rendered":"https:\/\/comunicacion.davivienda.com.sv\/r-soluciones-empresariales\/?page_id=2"},"modified":"2026-04-14T15:59:05","modified_gmt":"2026-04-14T15:59:05","slug":"registro-soluciones-empresariales","status":"publish","type":"page","link":"https:\/\/comunicacion.davivienda.com.sv\/r-soluciones-empresariales\/","title":{"rendered":"Registro Soluciones Empresariales"},"content":{"rendered":"<p><div class=\"fusion-fullwidth fullwidth-box fusion-builder-row-1 fusion-flex-container has-pattern-background has-mask-background fusion-parallax-none hundred-percent-fullwidth non-hundred-percent-height-scrolling\" style=\"--awb-background-position:left center;--awb-background-blend-mode:multiply;--awb-border-radius-top-left:0px;--awb-border-radius-top-right:0px;--awb-border-radius-bottom-right:0px;--awb-border-radius-bottom-left:0px;--awb-padding-top:180px;--awb-padding-bottom:50px;--awb-background-color:rgba(0,0,0,0.25);--awb-background-image:url(&quot;https:\/\/comunicacion.davivienda.com.sv\/registro-soluciones-empresariales\/wp-content\/uploads\/2021\/11\/portrait-of-bakery-seller-with-arms-crossed-standing-in-front-of-shelf-full-of-bred-bagels-and-pastry-e1636565421481.jpg&quot;);--awb-background-size:cover;--awb-flex-wrap:wrap;\" ><div class=\"fusion-builder-row fusion-row fusion-flex-align-items-flex-start fusion-flex-align-content-center fusion-flex-content-wrap\" style=\"width:104% !important;max-width:104% !important;margin-left: calc(-4% \/ 2 );margin-right: calc(-4% \/ 2 );\"><div class=\"fusion-layout-column fusion_builder_column fusion-builder-column-0 awb-sticky awb-sticky-medium awb-sticky-large fusion_builder_column_1_4 1_4 fusion-flex-column columna-fija\" style=\"--awb-bg-size:cover;--awb-border-color:#ededed;--awb-border-style:solid;--awb-width-large:25%;--awb-margin-top-large:0px;--awb-spacing-right-large:7.68%;--awb-margin-bottom-large:20px;--awb-spacing-left-large:7.68%;--awb-width-medium:33.333333333333%;--awb-order-medium:0;--awb-spacing-right-medium:5.76%;--awb-spacing-left-medium:5.76%;--awb-width-small:66.666666666667%;--awb-order-small:0;--awb-spacing-right-small:2.88%;--awb-spacing-left-small:2.88%;--awb-sticky-offset:180px;\" data-scroll-devices=\"small-visibility,medium-visibility,large-visibility\"><div class=\"fusion-column-wrapper fusion-column-has-shadow fusion-flex-justify-content-flex-start fusion-content-layout-column\"><div class=\"fusion-image-element \" style=\"--awb-margin-bottom:30px;--awb-max-width:80px;--awb-caption-title-font-family:var(--h2_typography-font-family);--awb-caption-title-font-weight:var(--h2_typography-font-weight);--awb-caption-title-font-style:var(--h2_typography-font-style);--awb-caption-title-size:var(--h2_typography-font-size);--awb-caption-title-transform:var(--h2_typography-text-transform);--awb-caption-title-line-height:var(--h2_typography-line-height);--awb-caption-title-letter-spacing:var(--h2_typography-letter-spacing);\"><span class=\" fusion-imageframe imageframe-none imageframe-1 hover-type-none\"><img decoding=\"async\" src=\"https:\/\/comunicacion.davivienda.com.sv\/registro-soluciones-empresariales\/wp-content\/uploads\/2021\/05\/icono-davi-02.png\" alt class=\"img-responsive\"\/><\/span><\/div><div class=\"fusion-title title fusion-title-1 fusion-sep-none fusion-title-text fusion-title-size-two\" style=\"--awb-text-color:#ffffff;\"><h2 class=\"fusion-title-heading title-heading-left fusion-responsive-typography-calculated\" style=\"margin:0;--fontSize:36;line-height:1.2;text-shadow:2px 4px 8px rgba(0,0,0,0.6);\"><strong> Conozca las soluciones empresariales que tenemos para usted.<\/strong><\/h2><\/div><div class=\"fusion-title title fusion-title-2 fusion-sep-none fusion-title-text fusion-title-size-two\" style=\"--awb-text-color:#ffffff;--awb-font-size:24px;\"><h2 class=\"fusion-title-heading title-heading-left fusion-responsive-typography-calculated\" style=\"margin:0;font-size:1em;--fontSize:24;line-height:1.2;text-shadow:2px 4px 6px rgba(0,0,0,0.6);\"><strong>Complete su informaci\u00f3n para ser contactado por un asesor.<\/strong><\/h2><\/div><\/div><\/div><div class=\"fusion-layout-column fusion_builder_column fusion-builder-column-1 fusion_builder_column_1_2 1_2 fusion-flex-column\" style=\"--awb-padding-top:30px;--awb-padding-right:30px;--awb-padding-bottom:30px;--awb-padding-left:30px;--awb-bg-color:rgba(255,255,255,0.7);--awb-bg-color-hover:rgba(255,255,255,0.7);--awb-bg-size:cover;--awb-border-color:#ededed;--awb-border-style:solid;--awb-width-large:50%;--awb-margin-top-large:0px;--awb-spacing-right-large:3.84%;--awb-margin-bottom-large:100px;--awb-spacing-left-large:3.84%;--awb-width-medium:60%;--awb-order-medium:0;--awb-spacing-right-medium:3.2%;--awb-spacing-left-medium:3.2%;--awb-width-small:100%;--awb-order-small:0;--awb-spacing-right-small:1.92%;--awb-spacing-left-small:1.92%;\" data-scroll-devices=\"small-visibility,medium-visibility,large-visibility\"><div class=\"fusion-column-wrapper fusion-column-has-shadow fusion-flex-justify-content-flex-start fusion-content-layout-column\"><div class=\"fusion-title title fusion-title-3 fusion-sep-none fusion-title-center fusion-title-text fusion-title-size-two\" style=\"--awb-text-color:#e3181f;\"><h2 class=\"fusion-title-heading title-heading-center fusion-responsive-typography-calculated\" style=\"margin:0;--fontSize:36;line-height:1.2;\"><strong> Reg\u00edstrese<\/strong><\/h2><\/div>\n<div class=\"wpcf7 no-js\" id=\"wpcf7-f9-o1\" lang=\"es-MX\" dir=\"ltr\" data-wpcf7-id=\"9\">\n<div class=\"screen-reader-response\"><p role=\"status\" aria-live=\"polite\" aria-atomic=\"true\"><\/p> <ul><\/ul><\/div>\n<form action=\"\/r-soluciones-empresariales\/wp-json\/wp\/v2\/pages\/2#wpcf7-f9-o1\" method=\"post\" class=\"wpcf7-form init\" aria-label=\"Formulario de contacto\" novalidate=\"novalidate\" data-status=\"init\">\n<fieldset class=\"hidden-fields-container\"><input type=\"hidden\" name=\"_wpcf7\" value=\"9\" \/><input type=\"hidden\" name=\"_wpcf7_version\" value=\"6.1.2\" \/><input type=\"hidden\" name=\"_wpcf7_locale\" value=\"es_MX\" \/><input type=\"hidden\" name=\"_wpcf7_unit_tag\" value=\"wpcf7-f9-o1\" \/><input type=\"hidden\" name=\"_wpcf7_container_post\" value=\"0\" \/><input type=\"hidden\" name=\"_wpcf7_posted_data_hash\" value=\"\" \/><input type=\"hidden\" name=\"_uacf7_hidden_conditional_fields\" value=\"\" \/><input type=\"hidden\" name=\"_wpcf7_recaptcha_response\" value=\"\" \/>\n<\/fieldset>\n<div class=\"uacf7-form-wrapper-container uacf7-form-9  \"><div class=\"col-md-12\"><center><span style=\"font-weight: 700; font-size: 20px; color: #FFFFFF; background-color: #e3181f; padding: 8px 16px;\">INFORMACI\u00d3N DE SU NEGOCIO<\/span><\/center><\/div>\n\n<div class=\"col-md-6\">Nombre de Negocio*\n<span class=\"wpcf7-form-control-wrap\" data-name=\"nombre-negocio\"><input size=\"40\" maxlength=\"400\" class=\"wpcf7-form-control wpcf7-text wpcf7-validates-as-required\" aria-required=\"true\" aria-invalid=\"false\" placeholder=\"Nombre de Negocio\" value=\"\" type=\"text\" name=\"nombre-negocio\" \/><\/span><\/div>\n\n<div class=\"col-md-6\">NIT del Negocio*\n<span class=\"wpcf7-form-control-wrap\" data-name=\"nit\"><input size=\"40\" maxlength=\"400\" class=\"wpcf7-form-control wpcf7-text wpcf7-validates-as-required\" aria-required=\"true\" aria-invalid=\"false\" placeholder=\"Adicionar guiones\" value=\"\" type=\"text\" name=\"nit\" \/><\/span><\/div>\n\n<div class=\"col-md-6\">Ubicaci\u00f3n de Negocio*\n<span class=\"wpcf7-form-control-wrap\" data-name=\"ubicacion\"><input size=\"40\" maxlength=\"400\" class=\"wpcf7-form-control wpcf7-text wpcf7-validates-as-required\" aria-required=\"true\" aria-invalid=\"false\" placeholder=\"Departamento\/Municipio\" value=\"\" type=\"text\" name=\"ubicacion\" \/><\/span><\/div>\n\n<div class=\"col-md-6\">Nivel de Ventas Anual*\n<span class=\"wpcf7-form-control-wrap\" data-name=\"nivel-venta\"><select class=\"wpcf7-form-control wpcf7-select wpcf7-validates-as-required\" aria-required=\"true\" aria-invalid=\"false\" name=\"nivel-venta\"><option value=\"\">Por favor, seleccione una opci\u00f3n<\/option><option value=\"Menos de 60,000\">Menos de 60,000<\/option><option value=\"60,000 - 250,000\">60,000 - 250,000<\/option><option value=\"250,000 - 500,000\">250,000 - 500,000<\/option><option value=\"500,000 - 750,000\">500,000 - 750,000<\/option><option value=\"750,000 - 1,000,000\">750,000 - 1,000,000<\/option><option value=\"Arriba de 1,000,000\">Arriba de 1,000,000<\/option><option value=\"Prefiero no indicar\">Prefiero no indicar<\/option><\/select><\/span><\/div>\n\n<div class=\"col-md-6\">\u00bfEs cliente de Banco Davivienda?*\n<span class=\"wpcf7-form-control-wrap\" data-name=\"cliente\"><select class=\"wpcf7-form-control wpcf7-select wpcf7-validates-as-required\" aria-required=\"true\" aria-invalid=\"false\" name=\"cliente\"><option value=\"\">Por favor, seleccione una opci\u00f3n<\/option><option value=\"Si\">Si<\/option><option value=\"No\">No<\/option><\/select><\/span><\/div>\n\n<div class=\"col-md-6\"><div class=\"uacf7_conditional conditional-697\">\u00bfPosee productos vigentes Banco Davivienda?*\n<span class=\"wpcf7-form-control-wrap\" data-name=\"productos\"><select class=\"wpcf7-form-control wpcf7-select\" aria-invalid=\"false\" name=\"productos\"><option value=\"\">Por favor, seleccione una opci\u00f3n<\/option><option value=\"Si\">Si<\/option><option value=\"No\">No<\/option><\/select><\/span><\/div><\/div>\n\n<div class=\"col-md-12\"><center><span style=\"font-weight: 700; margin-top: 40px; font-size: 20px; color: #FFFFFF; background-color: #e3181f; padding: 8px 16px;\">INFORMACI\u00d3N DE CONTACTO<\/span><\/center><\/div>\n\n<div class=\"col-md-6\">Nombre de Contacto*\n<span class=\"wpcf7-form-control-wrap\" data-name=\"nombre-contacto\"><input size=\"40\" maxlength=\"400\" class=\"wpcf7-form-control wpcf7-text wpcf7-validates-as-required\" aria-required=\"true\" aria-invalid=\"false\" placeholder=\"Nombre de Contacto\" value=\"\" type=\"text\" name=\"nombre-contacto\" \/><\/span><\/div>\n\n<div class=\"col-md-6\">Celular de Contacto*\n<span class=\"wpcf7-form-control-wrap\" data-name=\"tel-359\"><input size=\"40\" maxlength=\"400\" class=\"wpcf7-form-control wpcf7-tel wpcf7-validates-as-required wpcf7-text wpcf7-validates-as-tel\" aria-required=\"true\" aria-invalid=\"false\" placeholder=\"No adicionar guiones\" value=\"\" type=\"tel\" name=\"tel-359\" \/><\/span><\/div>\n\n<div class=\"col-md-6\">Correo Electr\u00f3nico de Contacto*\n<span class=\"wpcf7-form-control-wrap\" data-name=\"email-310\"><input size=\"40\" maxlength=\"400\" class=\"wpcf7-form-control wpcf7-email wpcf7-validates-as-required wpcf7-text wpcf7-validates-as-email\" aria-required=\"true\" aria-invalid=\"false\" placeholder=\"ejemplo@ejemplo.com\" value=\"\" type=\"email\" name=\"email-310\" \/><\/span><\/div>\n\n<div class=\"col-md-12\">Describa su solicitud*\n<span class=\"wpcf7-form-control-wrap\" data-name=\"textarea-608\"><textarea cols=\"40\" rows=\"10\" maxlength=\"2000\" class=\"wpcf7-form-control wpcf7-textarea wpcf7-validates-as-required\" aria-required=\"true\" aria-invalid=\"false\" placeholder=\"Describa su solicitud\" name=\"textarea-608\"><\/textarea><\/span><\/div>\n\n<div class=\"col-md-12\"><center><input class=\"wpcf7-form-control wpcf7-submit has-spinner\" type=\"submit\" value=\"Enviar\" \/><\/center><\/div><\/div><div class=\"fusion-alert alert custom alert-custom fusion-alert-center wpcf7-response-output awb-alert-native-link-color alert-dismissable awb-alert-close-boxed\" style=\"--awb-border-size:1px;--awb-border-top-left-radius:0px;--awb-border-top-right-radius:0px;--awb-border-bottom-left-radius:0px;--awb-border-bottom-right-radius:0px;\" role=\"alert\"><div class=\"fusion-alert-content-wrapper\"><span class=\"fusion-alert-content\"><\/span><\/div><button type=\"button\" class=\"close toggle-alert\" data-dismiss=\"alert\" aria-label=\"Close\">&times;<\/button><\/div>\n<\/form>\n<\/div>\n<\/div><\/div><\/div><\/div><div class=\"fusion-fullwidth fullwidth-box fusion-builder-row-2 fusion-flex-container hundred-percent-fullwidth non-hundred-percent-height-scrolling\" style=\"--awb-border-radius-top-left:0px;--awb-border-radius-top-right:0px;--awb-border-radius-bottom-right:0px;--awb-border-radius-bottom-left:0px;--awb-padding-top:40px;--awb-background-color:#1a1a1a;--awb-flex-wrap:wrap;\" ><div class=\"fusion-builder-row fusion-row fusion-flex-align-items-flex-start fusion-flex-justify-content-center fusion-flex-content-wrap\" style=\"width:104% !important;max-width:104% !important;margin-left: calc(-4% \/ 2 );margin-right: calc(-4% \/ 2 );\"><div class=\"fusion-layout-column fusion_builder_column fusion-builder-column-2 fusion_builder_column_3_5 3_5 fusion-flex-column\" style=\"--awb-bg-size:cover;--awb-width-large:60%;--awb-margin-top-large:0px;--awb-spacing-right-large:3.2%;--awb-margin-bottom-large:20px;--awb-spacing-left-large:3.2%;--awb-width-medium:60%;--awb-order-medium:0;--awb-spacing-right-medium:3.2%;--awb-spacing-left-medium:3.2%;--awb-width-small:100%;--awb-order-small:0;--awb-spacing-right-small:1.92%;--awb-spacing-left-small:1.92%;\"><div class=\"fusion-column-wrapper fusion-column-has-shadow fusion-flex-justify-content-flex-start fusion-content-layout-column\"><div class=\"fusion-text fusion-text-1\" style=\"--awb-content-alignment:center;--awb-font-size:14px;--awb-text-color:#ffffff;\"><p>Recuerde que por su seguridad el Banco Davivienda Salvadore\u00f1o S.A. nunca solicita a trav\u00e9s de este medio informaci\u00f3n confidencial o financiera como usuarios y claves de acceso a nuestros canales, ni n\u00fameros de productos como cuentas, n\u00fameros de tarjetas de cr\u00e9dito o similares.<\/p>\n<p>Le informamos que los datos personales ingresados en el presente formulario ser\u00e1n tratados con la finalidad de ofrecerle productos financieros que se adec\u00faen a sus necesidades.<\/p>\n<\/div><div class=\"fusion-image-element \" style=\"text-align:center;--awb-caption-title-font-family:var(--h2_typography-font-family);--awb-caption-title-font-weight:var(--h2_typography-font-weight);--awb-caption-title-font-style:var(--h2_typography-font-style);--awb-caption-title-size:var(--h2_typography-font-size);--awb-caption-title-transform:var(--h2_typography-text-transform);--awb-caption-title-line-height:var(--h2_typography-line-height);--awb-caption-title-letter-spacing:var(--h2_typography-letter-spacing);\"><span class=\" fusion-imageframe imageframe-none imageframe-2 hover-type-none\"><img decoding=\"async\" width=\"288\" height=\"28\" title=\"logo-davivienda-1\" src=\"https:\/\/comunicacion.davivienda.com.sv\/r-soluciones-empresariales\/wp-content\/uploads\/sites\/40\/2024\/03\/logo-davivienda-1.png\" alt class=\"img-responsive wp-image-7\" srcset=\"https:\/\/comunicacion.davivienda.com.sv\/r-soluciones-empresariales\/wp-content\/uploads\/sites\/40\/2024\/03\/logo-davivienda-1-200x19.png 200w, https:\/\/comunicacion.davivienda.com.sv\/r-soluciones-empresariales\/wp-content\/uploads\/sites\/40\/2024\/03\/logo-davivienda-1.png 288w\" sizes=\"(max-width: 960px) 100vw, 288px\" \/><\/span><\/div><\/div><\/div><\/div><\/div><\/p>\n","protected":false},"excerpt":{"rendered":"","protected":false},"author":2,"featured_media":0,"parent":0,"menu_order":0,"comment_status":"closed","ping_status":"open","template":"100-width.php","meta":{"footnotes":""},"class_list":["post-2","page","type-page","status-publish","hentry"],"_links":{"self":[{"href":"https:\/\/comunicacion.davivienda.com.sv\/r-soluciones-empresariales\/wp-json\/wp\/v2\/pages\/2","targetHints":{"allow":["GET"]}}],"collection":[{"href":"https:\/\/comunicacion.davivienda.com.sv\/r-soluciones-empresariales\/wp-json\/wp\/v2\/pages"}],"about":[{"href":"https:\/\/comunicacion.davivienda.com.sv\/r-soluciones-empresariales\/wp-json\/wp\/v2\/types\/page"}],"author":[{"embeddable":true,"href":"https:\/\/comunicacion.davivienda.com.sv\/r-soluciones-empresariales\/wp-json\/wp\/v2\/users\/2"}],"replies":[{"embeddable":true,"href":"https:\/\/comunicacion.davivienda.com.sv\/r-soluciones-empresariales\/wp-json\/wp\/v2\/comments?post=2"}],"version-history":[{"count":9,"href":"https:\/\/comunicacion.davivienda.com.sv\/r-soluciones-empresariales\/wp-json\/wp\/v2\/pages\/2\/revisions"}],"predecessor-version":[{"id":116,"href":"https:\/\/comunicacion.davivienda.com.sv\/r-soluciones-empresariales\/wp-json\/wp\/v2\/pages\/2\/revisions\/116"}],"wp:attachment":[{"href":"https:\/\/comunicacion.davivienda.com.sv\/r-soluciones-empresariales\/wp-json\/wp\/v2\/media?parent=2"}],"curies":[{"name":"wp","href":"https:\/\/api.w.org\/{rel}","templated":true}]}}