{"id":2,"date":"2023-09-20T03:34:39","date_gmt":"2023-09-20T03:34:39","guid":{"rendered":"https:\/\/comunicacion.davivienda.com.sv\/r-formacion\/?page_id=2"},"modified":"2025-07-07T21:24:40","modified_gmt":"2025-07-07T21:24:40","slug":"registro","status":"publish","type":"page","link":"https:\/\/comunicacion.davivienda.com.sv\/r-formacion\/","title":{"rendered":"Registro"},"content":{"rendered":"<p><div class=\"fusion-fullwidth fullwidth-box fusion-builder-row-1 fusion-flex-container has-pattern-background has-mask-background fusion-parallax-fixed hundred-percent-fullwidth non-hundred-percent-height-scrolling\" style=\"--awb-background-position:center top;--awb-background-position-small:left center;--awb-border-radius-top-left:0px;--awb-border-radius-top-right:0px;--awb-border-radius-bottom-right:0px;--awb-border-radius-bottom-left:0px;--awb-padding-right:0px;--awb-padding-left:0px;--awb-background-image:url(&quot;https:\/\/comunicacion.davivienda.com.sv\/r-formacion\/wp-content\/uploads\/sites\/16\/2023\/09\/exitosa-mujer-sosteniendo-portatil-tiro-medio.jpg&quot;);--awb-background-image-medium:url(&#039;https:\/\/comunicacion.davivienda.com.sv\/r-formacion\/wp-content\/uploads\/sites\/16\/2023\/09\/exitosa-mujer-sosteniendo-portatil-tiro-medio-1-e1695184389532.jpg&#039;);--awb-background-image-small:url(&#039;https:\/\/comunicacion.davivienda.com.sv\/r-formacion\/wp-content\/uploads\/sites\/16\/2023\/09\/exitosa-mujer-sosteniendo-portatil-tiro-medio-2-e1695184422408.jpg&#039;);--awb-background-size:cover;--awb-flex-wrap:wrap;background-attachment:fixed;\" ><div class=\"fusion-builder-row fusion-row fusion-flex-align-items-flex-start fusion-flex-justify-content-flex-end fusion-flex-content-wrap\" style=\"width:104% !important;max-width:104% !important;margin-left: calc(-4% \/ 2 );margin-right: calc(-4% \/ 2 );\"><div class=\"fusion-layout-column fusion_builder_column fusion-builder-column-0 fusion_builder_column_1_1 1_1 fusion-flex-column fusion-no-medium-visibility fusion-no-large-visibility\" style=\"--awb-bg-size:cover;--awb-width-large:100%;--awb-margin-top-large:0px;--awb-spacing-right-large:1.92%;--awb-margin-bottom-large:0px;--awb-spacing-left-large:1.92%;--awb-width-medium:100%;--awb-order-medium:0;--awb-spacing-right-medium:1.92%;--awb-spacing-left-medium:1.92%;--awb-width-small:100%;--awb-order-small:0;--awb-spacing-right-small:1.92%;--awb-spacing-left-small:1.92%;\" data-scroll-devices=\"small-visibility,medium-visibility,large-visibility\"><div class=\"fusion-column-wrapper fusion-column-has-shadow fusion-flex-justify-content-flex-start fusion-content-layout-column\"><div class=\"fusion-image-element \" style=\"--awb-caption-title-font-family:var(--h2_typography-font-family);--awb-caption-title-font-weight:var(--h2_typography-font-weight);--awb-caption-title-font-style:var(--h2_typography-font-style);--awb-caption-title-size:var(--h2_typography-font-size);--awb-caption-title-transform:var(--h2_typography-text-transform);--awb-caption-title-line-height:var(--h2_typography-line-height);--awb-caption-title-letter-spacing:var(--h2_typography-letter-spacing);\"><span class=\" fusion-imageframe imageframe-none imageframe-1 hover-type-none\"><img decoding=\"async\" width=\"1920\" height=\"1280\" title=\"exitosa-mujer-sosteniendo-portatil-tiro-medio\" src=\"https:\/\/comunicacion.davivienda.com.sv\/r-formacion\/wp-content\/uploads\/sites\/16\/2023\/09\/exitosa-mujer-sosteniendo-portatil-tiro-medio.jpg\" alt class=\"img-responsive wp-image-11\" srcset=\"https:\/\/comunicacion.davivienda.com.sv\/r-formacion\/wp-content\/uploads\/sites\/16\/2023\/09\/exitosa-mujer-sosteniendo-portatil-tiro-medio-200x133.jpg 200w, https:\/\/comunicacion.davivienda.com.sv\/r-formacion\/wp-content\/uploads\/sites\/16\/2023\/09\/exitosa-mujer-sosteniendo-portatil-tiro-medio-400x267.jpg 400w, https:\/\/comunicacion.davivienda.com.sv\/r-formacion\/wp-content\/uploads\/sites\/16\/2023\/09\/exitosa-mujer-sosteniendo-portatil-tiro-medio-600x400.jpg 600w, https:\/\/comunicacion.davivienda.com.sv\/r-formacion\/wp-content\/uploads\/sites\/16\/2023\/09\/exitosa-mujer-sosteniendo-portatil-tiro-medio-800x533.jpg 800w, https:\/\/comunicacion.davivienda.com.sv\/r-formacion\/wp-content\/uploads\/sites\/16\/2023\/09\/exitosa-mujer-sosteniendo-portatil-tiro-medio-1200x800.jpg 1200w, https:\/\/comunicacion.davivienda.com.sv\/r-formacion\/wp-content\/uploads\/sites\/16\/2023\/09\/exitosa-mujer-sosteniendo-portatil-tiro-medio.jpg 1920w\" sizes=\"(max-width: 800px) 100vw, 1200px\" \/><\/span><\/div><\/div><\/div><div class=\"fusion-layout-column fusion_builder_column fusion-builder-column-1 fusion_builder_column_1_2 1_2 fusion-flex-column\" style=\"--awb-padding-top:60px;--awb-padding-right:30px;--awb-padding-bottom:60px;--awb-padding-left:30px;--awb-padding-bottom-small:30px;--awb-bg-color:#ffffff;--awb-bg-color-hover:#ffffff;--awb-bg-color-small:var(--awb-color1);--awb-bg-size:cover;--awb-width-large:50%;--awb-margin-top-large:0px;--awb-spacing-right-large:3.84%;--awb-margin-bottom-large:0px;--awb-spacing-left-large:3.84%;--awb-width-medium:60%;--awb-order-medium:0;--awb-spacing-right-medium:3.2%;--awb-spacing-left-medium:3.2%;--awb-width-small:100%;--awb-order-small:0;--awb-spacing-right-small:1.92%;--awb-spacing-left-small:1.92%;\" data-scroll-devices=\"small-visibility,medium-visibility,large-visibility\"><div class=\"fusion-column-wrapper fusion-column-has-shadow fusion-flex-justify-content-flex-start fusion-content-layout-column\"><div class=\"fusion-builder-row fusion-builder-row-inner fusion-row fusion-flex-align-items-flex-start fusion-flex-justify-content-flex-end fusion-flex-content-wrap\" style=\"width:104% !important;max-width:104% !important;margin-left: calc(-4% \/ 2 );margin-right: calc(-4% \/ 2 );\"><div class=\"fusion-layout-column fusion_builder_column_inner fusion-builder-nested-column-0 fusion_builder_column_inner_1_2 1_2 fusion-flex-column\" style=\"--awb-bg-size:cover;--awb-width-large:50%;--awb-margin-top-large:0px;--awb-spacing-right-large:3.84%;--awb-margin-bottom-large:20px;--awb-spacing-left-large:3.84%;--awb-width-medium:50%;--awb-order-medium:0;--awb-spacing-right-medium:3.84%;--awb-spacing-left-medium:3.84%;--awb-width-small:50%;--awb-order-small:0;--awb-spacing-right-small:3.84%;--awb-spacing-left-small:3.84%;\" data-scroll-devices=\"small-visibility,medium-visibility,large-visibility\"><div class=\"fusion-column-wrapper fusion-column-has-shadow fusion-flex-justify-content-flex-start fusion-content-layout-column\"><div class=\"fusion-image-element \" style=\"text-align:right;--awb-max-width:200px;--awb-caption-title-font-family:var(--h2_typography-font-family);--awb-caption-title-font-weight:var(--h2_typography-font-weight);--awb-caption-title-font-style:var(--h2_typography-font-style);--awb-caption-title-size:var(--h2_typography-font-size);--awb-caption-title-transform:var(--h2_typography-text-transform);--awb-caption-title-line-height:var(--h2_typography-line-height);--awb-caption-title-letter-spacing:var(--h2_typography-letter-spacing);\"><span class=\" fusion-imageframe imageframe-none imageframe-2 hover-type-none\"><img decoding=\"async\" width=\"351\" height=\"122\" title=\"logo-davi-08-1\" src=\"https:\/\/comunicacion.davivienda.com.sv\/r-formacion\/wp-content\/uploads\/sites\/16\/2023\/09\/logo-davi-08-1-1.png\" alt class=\"img-responsive wp-image-29\" srcset=\"https:\/\/comunicacion.davivienda.com.sv\/r-formacion\/wp-content\/uploads\/sites\/16\/2023\/09\/logo-davi-08-1-1-200x70.png 200w, https:\/\/comunicacion.davivienda.com.sv\/r-formacion\/wp-content\/uploads\/sites\/16\/2023\/09\/logo-davi-08-1-1.png 351w\" sizes=\"(max-width: 800px) 100vw, 351px\" \/><\/span><\/div><\/div><\/div><div class=\"fusion-layout-column fusion_builder_column_inner fusion-builder-nested-column-1 fusion_builder_column_inner_1_2 1_2 fusion-flex-column\" style=\"--awb-bg-size:cover;--awb-width-large:50%;--awb-margin-top-large:0px;--awb-spacing-right-large:3.84%;--awb-margin-bottom-large:20px;--awb-spacing-left-large:3.84%;--awb-width-medium:50%;--awb-order-medium:0;--awb-spacing-right-medium:3.84%;--awb-spacing-left-medium:3.84%;--awb-width-small:50%;--awb-order-small:0;--awb-spacing-right-small:3.84%;--awb-spacing-left-small:3.84%;\" data-scroll-devices=\"small-visibility,medium-visibility,large-visibility\"><div class=\"fusion-column-wrapper fusion-column-has-shadow fusion-flex-justify-content-flex-start fusion-content-layout-column\"><div class=\"fusion-image-element \" style=\"--awb-max-width:170px;--awb-caption-title-font-family:var(--h2_typography-font-family);--awb-caption-title-font-weight:var(--h2_typography-font-weight);--awb-caption-title-font-style:var(--h2_typography-font-style);--awb-caption-title-size:var(--h2_typography-font-size);--awb-caption-title-transform:var(--h2_typography-text-transform);--awb-caption-title-line-height:var(--h2_typography-line-height);--awb-caption-title-letter-spacing:var(--h2_typography-letter-spacing);\"><span class=\" fusion-imageframe imageframe-none imageframe-3 hover-type-none\"><img decoding=\"async\" width=\"737\" height=\"300\" title=\"AGORA Partnership\" src=\"https:\/\/comunicacion.davivienda.com.sv\/r-formacion\/wp-content\/uploads\/sites\/16\/2023\/09\/Logo-AGORA-Color.png\" alt class=\"img-responsive wp-image-28\" srcset=\"https:\/\/comunicacion.davivienda.com.sv\/r-formacion\/wp-content\/uploads\/sites\/16\/2023\/09\/Logo-AGORA-Color-200x81.png 200w, https:\/\/comunicacion.davivienda.com.sv\/r-formacion\/wp-content\/uploads\/sites\/16\/2023\/09\/Logo-AGORA-Color-400x163.png 400w, https:\/\/comunicacion.davivienda.com.sv\/r-formacion\/wp-content\/uploads\/sites\/16\/2023\/09\/Logo-AGORA-Color-600x244.png 600w, https:\/\/comunicacion.davivienda.com.sv\/r-formacion\/wp-content\/uploads\/sites\/16\/2023\/09\/Logo-AGORA-Color.png 737w\" sizes=\"(max-width: 800px) 100vw, 600px\" \/><\/span><\/div><\/div><\/div><\/div><div class=\"fusion-title title fusion-title-1 fusion-sep-none fusion-title-center fusion-title-text fusion-title-size-two\" style=\"--awb-text-color:var(--awb-color4);--awb-margin-top:30px;--awb-margin-bottom:30px;--awb-margin-top-small:20px;--awb-margin-bottom-small:20px;\"><h2 class=\"fusion-title-heading title-heading-center fusion-responsive-typography-calculated\" style=\"margin:0;--fontSize:40;line-height:var(--awb-typography1-line-height);\"><p><strong>Banco Davivienda <span style=\"color: #333333;\">en Alianza con Agora Partnerships<\/span><br \/>\n<span style=\"color: #333333;\">le invitan al programa<\/span><br \/>\nJuntas Contamos<\/strong><\/p><\/h2><\/div>\n<div class=\"wpcf7 no-js\" id=\"wpcf7-f12-o1\" lang=\"es-MX\" dir=\"ltr\" data-wpcf7-id=\"12\">\n<div class=\"screen-reader-response\"><p role=\"status\" aria-live=\"polite\" aria-atomic=\"true\"><\/p> <ul><\/ul><\/div>\n<form action=\"\/r-formacion\/wp-json\/wp\/v2\/pages\/2#wpcf7-f12-o1\" method=\"post\" class=\"wpcf7-form init\" aria-label=\"Formulario de contacto\" novalidate=\"novalidate\" data-status=\"init\">\n<fieldset class=\"hidden-fields-container\"><input type=\"hidden\" name=\"_wpcf7\" value=\"12\" \/><input type=\"hidden\" name=\"_wpcf7_version\" value=\"6.1.2\" \/><input type=\"hidden\" name=\"_wpcf7_locale\" value=\"es_MX\" \/><input type=\"hidden\" name=\"_wpcf7_unit_tag\" value=\"wpcf7-f12-o1\" \/><input type=\"hidden\" name=\"_wpcf7_container_post\" value=\"0\" \/><input type=\"hidden\" name=\"_wpcf7_posted_data_hash\" value=\"\" \/><input type=\"hidden\" name=\"_wpcf7_recaptcha_response\" value=\"\" \/>\n<\/fieldset>\n<div class=\"uacf7-form-wrapper-container uacf7-form-12  \"><div class=\"col-md-6\" style=\"margin-bottom: 10px;\">Nombre de la doctora o empresa*\n<span class=\"wpcf7-form-control-wrap\" data-name=\"negocio\"><input size=\"40\" maxlength=\"400\" class=\"wpcf7-form-control wpcf7-text wpcf7-validates-as-required\" aria-required=\"true\" aria-invalid=\"false\" value=\"\" type=\"text\" name=\"negocio\" \/><\/span><\/div>\n\n<div class=\"col-md-6\" style=\"margin-bottom: 10px;\">NIT de la doctora o empresa*\n<span class=\"wpcf7-form-control-wrap\" data-name=\"nit-negocio\"><input size=\"40\" maxlength=\"400\" class=\"wpcf7-form-control wpcf7-text wpcf7-validates-as-required\" aria-required=\"true\" aria-invalid=\"false\" placeholder=\"No adicionar guiones\" value=\"\" type=\"text\" name=\"nit-negocio\" \/><\/span><\/div>\n\n<div class=\"col-md-6\" style=\"margin-bottom: 10px;\">Nombre de Contacto*\n<span class=\"wpcf7-form-control-wrap\" data-name=\"contacto\"><input size=\"40\" maxlength=\"400\" class=\"wpcf7-form-control wpcf7-text wpcf7-validates-as-required\" aria-required=\"true\" aria-invalid=\"false\" value=\"\" type=\"text\" name=\"contacto\" \/><\/span><\/div>\n\n<div class=\"col-md-6\" style=\"margin-bottom: 10px;\">Celular de Contacto*\n<span class=\"wpcf7-form-control-wrap\" data-name=\"celular\"><input size=\"40\" maxlength=\"400\" class=\"wpcf7-form-control wpcf7-text wpcf7-validates-as-required\" aria-required=\"true\" aria-invalid=\"false\" placeholder=\"No adicionar guiones\" value=\"\" type=\"text\" name=\"celular\" \/><\/span><\/div>\n\n<div class=\"col-md-6\" style=\"margin-bottom: 10px;\">Correo Electr\u00f3nico*\n<span class=\"wpcf7-form-control-wrap\" data-name=\"email-658\"><input size=\"40\" maxlength=\"400\" class=\"wpcf7-form-control wpcf7-email wpcf7-validates-as-required wpcf7-text wpcf7-validates-as-email\" aria-required=\"true\" aria-invalid=\"false\" value=\"\" type=\"email\" name=\"email-658\" \/><\/span><\/div>\n\n<div class=\"col-md-6\" style=\"margin-bottom: 10px;\">Nivel de ventas anuales*\n<span class=\"wpcf7-form-control-wrap\" data-name=\"ventas\"><select class=\"wpcf7-form-control wpcf7-select wpcf7-validates-as-required\" aria-required=\"true\" aria-invalid=\"false\" name=\"ventas\"><option value=\"\">Por favor, seleccione una opci\u00f3n<\/option><option value=\"De $20,000.00 a $75,000.00\">De $20,000.00 a $75,000.00<\/option><option value=\"De $75,000.00 a $250,000.00\">De $75,000.00 a $250,000.00<\/option><option value=\"De $250,000.00 a $3,000,000.00\">De $250,000.00 a $3,000,000.00<\/option><\/select><\/span><\/div>\n\n<div class=\"col-md-12\" style=\"margin-bottom: 10px;\">Ubicaci\u00f3n de Negocio*\n<span class=\"wpcf7-form-control-wrap\" data-name=\"ubicacion\"><input size=\"40\" maxlength=\"400\" class=\"wpcf7-form-control wpcf7-text wpcf7-validates-as-required\" aria-required=\"true\" aria-invalid=\"false\" value=\"\" type=\"text\" name=\"ubicacion\" \/><\/span><\/div>\n\n<div class=\"col-md-6\" style=\"margin-bottom: 10px;\">C\u00f3d. Ejecutivo\n<span class=\"wpcf7-form-control-wrap\" data-name=\"cod-ejecutivo\"><input size=\"40\" maxlength=\"400\" class=\"wpcf7-form-control wpcf7-text wpcf7-validates-as-required\" aria-required=\"true\" aria-invalid=\"false\" value=\"\" type=\"text\" name=\"cod-ejecutivo\" \/><\/span><\/div>\n\n<div class=\"col-md-12\" style=\"margin-bottom: 10px;\"><span class=\"wpcf7-form-control-wrap\" data-name=\"acceptance-195\"><span class=\"wpcf7-form-control wpcf7-acceptance\"><span class=\"wpcf7-list-item\"><label><input type=\"checkbox\" name=\"acceptance-195\" value=\"1\" aria-invalid=\"false\" \/><span class=\"wpcf7-list-item-label\">Estoy de acuerdo en compartir informaci\u00f3n con Davivienda y Agora Partnerships para continuar con el proceso de revisi\u00f3n y selecci\u00f3n.<\/span><\/label><\/span><\/span><\/span><\/div>\n\n<div class=\"col-md-12\"><input class=\"wpcf7-form-control wpcf7-submit has-spinner\" type=\"submit\" value=\"Enviar\" \/><\/div><\/div><div class=\"fusion-alert alert custom alert-custom fusion-alert-center wpcf7-response-output awb-alert-native-link-color alert-dismissable awb-alert-close-boxed\" style=\"--awb-border-size:1px;--awb-border-top-left-radius:0px;--awb-border-top-right-radius:0px;--awb-border-bottom-left-radius:0px;--awb-border-bottom-right-radius:0px;\" role=\"alert\"><div class=\"fusion-alert-content-wrapper\"><span class=\"fusion-alert-content\"><\/span><\/div><button type=\"button\" class=\"close toggle-alert\" data-dismiss=\"alert\" aria-label=\"Close\">&times;<\/button><\/div>\n<\/form>\n<\/div>\n<div class=\"fusion-separator fusion-full-width-sep\" style=\"align-self: center;margin-left: auto;margin-right: auto;margin-top:30px;margin-bottom:30px;width:100%;max-width:100%;\"><div class=\"fusion-separator-border sep-single sep-solid\" style=\"--awb-height:20px;--awb-amount:20px;--awb-sep-color:var(--awb-color4);border-color:var(--awb-color4);border-top-width:1px;\"><\/div><\/div><div class=\"fusion-text fusion-text-1\"><p><strong style=\"color: #ed1f24;\">Juntas Contamos<\/strong> es un programa que busca poyar a que 4 mil mujeres con empresas en M\u00e9xico, Honduras, El Salvador y Guatemala crezcan de forma sustentable, y sigan impactando positivamente su entorno, compartan y resuelvan los retos m\u00e1s importantes de su empresa, con su equipo y con grandes actores del ecosistema emprendedor.<\/p>\n<p>La convocatoria del programa que promueve <strong style=\"color: #ed1f24;\">Banco Davivienda<\/strong> en Alianza con\u00a0<strong style=\"color: #ed1f24;\">Agora Partnerships<\/strong>, busca impactar 3 perfiles diferentes de empresarias, a trav\u00e9s de 3 programas especializados mediante las participantes tendr\u00e1n la oportunidad de implementar cambios en su negocio y obtener resultados tangibles durante el desarrollo del mismo; cada uno de los programas est\u00e1 dise\u00f1ado para adaptarse a su perfil, necesidades y objetivos.<\/p>\n<p><img decoding=\"async\" class=\"size-full wp-image-27 aligncenter\" src=\"https:\/\/comunicacion.davivienda.com.sv\/r-formacion\/wp-content\/uploads\/sites\/16\/2023\/09\/yyyyyy.png\" alt=\"\" width=\"390\" height=\"186\" srcset=\"https:\/\/comunicacion.davivienda.com.sv\/r-formacion\/wp-content\/uploads\/sites\/16\/2023\/09\/yyyyyy-200x95.png 200w, https:\/\/comunicacion.davivienda.com.sv\/r-formacion\/wp-content\/uploads\/sites\/16\/2023\/09\/yyyyyy-300x143.png 300w, https:\/\/comunicacion.davivienda.com.sv\/r-formacion\/wp-content\/uploads\/sites\/16\/2023\/09\/yyyyyy.png 390w\" sizes=\"(max-width: 390px) 100vw, 390px\" \/><\/p>\n<p>Si desea conocer m\u00e1s sobre el programa, ingresa <u><a href=\"https:\/\/agora2030.org\/programa-juntas-contamos\/\" target=\"_blank\" rel=\"noopener\">aqu\u00ed.<\/a><\/u><\/p>\n<p>Su participaci\u00f3n es muy importante para nosotros. Para aplicar debe cumplir con el requisito que se describe para cada programa y completar el formulario a continuaci\u00f3n. Luego ser\u00e1 contactada por parte del equipo de Agora Partnership para dar seguimiento a su proceso de selecci\u00f3n.<\/p>\n<\/div><\/div><\/div><\/div><\/div><div class=\"fusion-fullwidth fullwidth-box fusion-builder-row-2 fusion-flex-container hundred-percent-fullwidth non-hundred-percent-height-scrolling\" style=\"--awb-border-radius-top-left:0px;--awb-border-radius-top-right:0px;--awb-border-radius-bottom-right:0px;--awb-border-radius-bottom-left:0px;--awb-padding-top:40px;--awb-background-color:#1a1a1a;--awb-flex-wrap:wrap;\" ><div class=\"fusion-builder-row fusion-row fusion-flex-align-items-flex-start fusion-flex-justify-content-center fusion-flex-content-wrap\" style=\"width:104% !important;max-width:104% !important;margin-left: calc(-4% \/ 2 );margin-right: calc(-4% \/ 2 );\"><div class=\"fusion-layout-column fusion_builder_column fusion-builder-column-2 fusion_builder_column_3_5 3_5 fusion-flex-column\" style=\"--awb-bg-size:cover;--awb-width-large:60%;--awb-margin-top-large:0px;--awb-spacing-right-large:3.2%;--awb-margin-bottom-large:20px;--awb-spacing-left-large:3.2%;--awb-width-medium:60%;--awb-order-medium:0;--awb-spacing-right-medium:3.2%;--awb-spacing-left-medium:3.2%;--awb-width-small:100%;--awb-order-small:0;--awb-spacing-right-small:1.92%;--awb-spacing-left-small:1.92%;\"><div class=\"fusion-column-wrapper fusion-column-has-shadow fusion-flex-justify-content-flex-start fusion-content-layout-column\"><div class=\"fusion-text fusion-text-2\" style=\"--awb-content-alignment:center;--awb-font-size:14px;--awb-text-color:#ffffff;\"><p>Recuerde que por su seguridad el Banco Davivienda Salvadore\u00f1o S.A. nunca solicita a trav\u00e9s de este medio informaci\u00f3n confidencial o financiera como usuarios y claves de acceso a nuestros canales, ni n\u00fameros de productos como cuentas, n\u00fameros de tarjetas de cr\u00e9dito o similares.<\/p>\n<\/div><div class=\"fusion-image-element \" style=\"text-align:center;--awb-caption-title-font-family:var(--h2_typography-font-family);--awb-caption-title-font-weight:var(--h2_typography-font-weight);--awb-caption-title-font-style:var(--h2_typography-font-style);--awb-caption-title-size:var(--h2_typography-font-size);--awb-caption-title-transform:var(--h2_typography-text-transform);--awb-caption-title-line-height:var(--h2_typography-line-height);--awb-caption-title-letter-spacing:var(--h2_typography-letter-spacing);\"><span class=\" fusion-imageframe imageframe-none imageframe-4 hover-type-none\"><img decoding=\"async\" width=\"288\" height=\"28\" title=\"logo-davivienda-1\" src=\"https:\/\/comunicacion.davivienda.com.sv\/r-formacion\/wp-content\/uploads\/sites\/16\/2023\/09\/logo-davivienda-1.png\" alt class=\"img-responsive wp-image-6\" srcset=\"https:\/\/comunicacion.davivienda.com.sv\/r-formacion\/wp-content\/uploads\/sites\/16\/2023\/09\/logo-davivienda-1-200x19.png 200w, https:\/\/comunicacion.davivienda.com.sv\/r-formacion\/wp-content\/uploads\/sites\/16\/2023\/09\/logo-davivienda-1.png 288w\" sizes=\"(max-width: 800px) 100vw, 288px\" \/><\/span><\/div><\/div><\/div><\/div><\/div><\/p>\n","protected":false},"excerpt":{"rendered":"","protected":false},"author":2,"featured_media":0,"parent":0,"menu_order":0,"comment_status":"closed","ping_status":"open","template":"100-width.php","meta":{"footnotes":""},"class_list":["post-2","page","type-page","status-publish","hentry"],"_links":{"self":[{"href":"https:\/\/comunicacion.davivienda.com.sv\/r-formacion\/wp-json\/wp\/v2\/pages\/2","targetHints":{"allow":["GET"]}}],"collection":[{"href":"https:\/\/comunicacion.davivienda.com.sv\/r-formacion\/wp-json\/wp\/v2\/pages"}],"about":[{"href":"https:\/\/comunicacion.davivienda.com.sv\/r-formacion\/wp-json\/wp\/v2\/types\/page"}],"author":[{"embeddable":true,"href":"https:\/\/comunicacion.davivienda.com.sv\/r-formacion\/wp-json\/wp\/v2\/users\/2"}],"replies":[{"embeddable":true,"href":"https:\/\/comunicacion.davivienda.com.sv\/r-formacion\/wp-json\/wp\/v2\/comments?post=2"}],"version-history":[{"count":30,"href":"https:\/\/comunicacion.davivienda.com.sv\/r-formacion\/wp-json\/wp\/v2\/pages\/2\/revisions"}],"predecessor-version":[{"id":92,"href":"https:\/\/comunicacion.davivienda.com.sv\/r-formacion\/wp-json\/wp\/v2\/pages\/2\/revisions\/92"}],"wp:attachment":[{"href":"https:\/\/comunicacion.davivienda.com.sv\/r-formacion\/wp-json\/wp\/v2\/media?parent=2"}],"curies":[{"name":"wp","href":"https:\/\/api.w.org\/{rel}","templated":true}]}}